{"id":322,"date":"2022-01-02T22:29:08","date_gmt":"2022-01-02T21:29:08","guid":{"rendered":"https:\/\/firsttech.njoy.one\/?page_id=322"},"modified":"2022-01-04T15:51:16","modified_gmt":"2022-01-04T14:51:16","slug":"beratung","status":"publish","type":"page","link":"https:\/\/www.firsttech.de\/firsttech-old\/beratung\/","title":{"rendered":"Beratung"},"content":{"rendered":"<\/div><\/div><\/div><!-- close content main div --><\/div><\/div><div id='full_slider_1' class='avia-fullwidth-slider main_color avia-shadow   container_wrap fullsize'   ><div  data-size='featured'  data-lightbox_size='large'  data-animation='slide'  data-conditional_play=''  data-ids='442'  data-video_counter='0'  data-autoplay='false'  data-bg_slider='false'  data-slide_height=''  data-handle='av_slideshow_full'  data-interval='5'  data-class=' '  data-css_id=''  data-scroll_down=''  data-control_layout='av-control-default'  data-custom_markup=''  data-perma_caption=''  data-autoplay_stopper=''  data-image_attachment=''  data-min_height='0px'  data-src=''  data-position='top left'  data-repeat='no-repeat'  data-attach='scroll'  data-stretch=''  data-default-height='28.666666666667'  class='avia-slideshow avia-slideshow-1  av-control-default av-default-height-applied avia-slideshow-featured av_slideshow_full   avia-slide-slider '  itemprop=\"ImageObject\" itemscope=\"itemscope\" itemtype=\"https:\/\/schema.org\/ImageObject\" ><ul class='avia-slideshow-inner ' style='padding-bottom: 28.666666666667%;' ><li  class=' av-single-slide slide-1 ' ><div data-rel='slideshow-1' class='avia-slide-wrap '   ><img src='https:\/\/www.firsttech.de\/firsttech-old\/wp-content\/uploads\/2022\/01\/AdobeStock_135688202-1500x430.jpeg' width='1500' height='430' title='Banner Beratung mit Piktogrammen' alt=''  itemprop=\"thumbnailUrl\"   \/><\/div><\/li><\/ul><\/div><\/div>\n<\/div><\/div><\/div><!-- close content main div --><\/div><\/div><div id='av_section_1' class='avia-section main_color avia-section-default avia-no-border-styling avia-bg-style-scroll   container_wrap fullsize' style = 'background-image: '  ><div class='container' ><div class='template-page content  av-content-full alpha units'><div class='post-entry post-entry-type-page post-entry-322'><div class='entry-content-wrapper clearfix'>\n<div class=\"flex_column av_two_fifth  flex_column_div av-zero-column-padding first  \" style='border-radius:0px; '><p><div style='padding-bottom:10px; margin:15px 15px 15px 15px; ' class='av-special-heading av-special-heading-h2  blockquote modern-quote   '><h2 class='av-special-heading-tag '  itemprop=\"headline\"  >Pers\u00f6nliches Gespr\u00e4ch<\/h2><div class='special-heading-border'><div class='special-heading-inner-border' ><\/div><\/div><\/div><br \/>\n<section class=\"av_textblock_section \"  itemscope=\"itemscope\" itemtype=\"https:\/\/schema.org\/CreativeWork\" ><div class='avia_textblock  '  style='font-size:14px; '  itemprop=\"text\" ><p><span style=\"color: #000000;\"><strong>Wir freuen uns, Ihnen unser Produkt in einem pers\u00f6nlichen (Telefon-)Gespr\u00e4ch vorstellen zu k\u00f6nnen.<\/strong><\/span><\/p>\n<p>Schreibe uns kurz an, wir rufen Sie bei baldm\u00f6glichst an und helfen Ihnen in Ihrem Anliegen.<\/p>\n<p>Kurzrifstige Frage &amp; Interesse? Melden Sie sich direkt bei unserem Service-Team, jeweils von Montag &#8211; Samstag von 10 Uhr bis 18 Uhr.<\/p>\n<p><strong>Deutschland:<\/strong> 0911 1234567890<\/p>\n<\/div><\/section><\/p><\/div><div class=\"flex_column av_three_fifth  flex_column_div av-zero-column-padding   \" style='border-radius:0px; '><section class=\"avia_codeblock_section  avia_code_block_0\"  itemscope=\"itemscope\" itemtype=\"https:\/\/schema.org\/CreativeWork\" ><div class='avia_codeblock '  itemprop=\"text\" > [avia_codeblock_placeholder uid=\"0\"] <\/div><\/section><\/div>\n\n","protected":false},"excerpt":{"rendered":"","protected":false},"author":1,"featured_media":0,"parent":0,"menu_order":0,"comment_status":"closed","ping_status":"closed","template":"","meta":{"footnotes":""},"class_list":["post-322","page","type-page","status-publish","hentry"],"_links":{"self":[{"href":"https:\/\/www.firsttech.de\/firsttech-old\/wp-json\/wp\/v2\/pages\/322","targetHints":{"allow":["GET"]}}],"collection":[{"href":"https:\/\/www.firsttech.de\/firsttech-old\/wp-json\/wp\/v2\/pages"}],"about":[{"href":"https:\/\/www.firsttech.de\/firsttech-old\/wp-json\/wp\/v2\/types\/page"}],"author":[{"embeddable":true,"href":"https:\/\/www.firsttech.de\/firsttech-old\/wp-json\/wp\/v2\/users\/1"}],"replies":[{"embeddable":true,"href":"https:\/\/www.firsttech.de\/firsttech-old\/wp-json\/wp\/v2\/comments?post=322"}],"version-history":[{"count":10,"href":"https:\/\/www.firsttech.de\/firsttech-old\/wp-json\/wp\/v2\/pages\/322\/revisions"}],"predecessor-version":[{"id":447,"href":"https:\/\/www.firsttech.de\/firsttech-old\/wp-json\/wp\/v2\/pages\/322\/revisions\/447"}],"wp:attachment":[{"href":"https:\/\/www.firsttech.de\/firsttech-old\/wp-json\/wp\/v2\/media?parent=322"}],"curies":[{"name":"wp","href":"https:\/\/api.w.org\/{rel}","templated":true}]}}