{"id":343,"date":"2022-01-02T23:40:36","date_gmt":"2022-01-02T22:40:36","guid":{"rendered":"https:\/\/firsttech.njoy.one\/?page_id=343"},"modified":"2022-01-04T17:15:54","modified_gmt":"2022-01-04T16:15:54","slug":"videoueberwachnung","status":"publish","type":"page","link":"https:\/\/www.firsttech.de\/firsttech-old\/videoueberwachnung\/","title":{"rendered":"Video\u00fcberwachnung"},"content":{"rendered":"<\/div><\/div><\/div><!-- close content main div --><\/div><\/div><div id='full_slider_1' class='avia-fullwidth-slider main_color avia-shadow   container_wrap fullsize'   ><div  data-size='featured'  data-lightbox_size='large'  data-animation='slide'  data-conditional_play=''  data-ids='421'  data-video_counter='0'  data-autoplay='false'  data-bg_slider='false'  data-slide_height=''  data-handle='av_slideshow_full'  data-interval='5'  data-class=' '  data-css_id=''  data-scroll_down=''  data-control_layout='av-control-default'  data-custom_markup=''  data-perma_caption=''  data-autoplay_stopper=''  data-image_attachment=''  data-min_height='0px'  data-src=''  data-position='top left'  data-repeat='no-repeat'  data-attach='scroll'  data-stretch=''  data-default-height='28.666666666667'  class='avia-slideshow avia-slideshow-1  av-control-default av-default-height-applied avia-slideshow-featured av_slideshow_full   avia-slide-slider '  itemprop=\"ImageObject\" itemscope=\"itemscope\" itemtype=\"https:\/\/schema.org\/ImageObject\" ><ul class='avia-slideshow-inner ' style='padding-bottom: 28.666666666667%;' ><li  class=' av-single-slide slide-1 ' ><div data-rel='slideshow-1' class='avia-slide-wrap '   ><img src='https:\/\/www.firsttech.de\/firsttech-old\/wp-content\/uploads\/2022\/01\/AdobeStock_441730892-1500x430.jpeg' width='1500' height='430' title='Security System CCTV Camera And Alarm Surveillance' alt=''  itemprop=\"thumbnailUrl\"   \/><\/div><\/li><\/ul><\/div><\/div>\n<\/div><\/div><\/div><!-- close content main div --><\/div><\/div><div id='av_section_1' class='avia-section main_color avia-section-default avia-no-border-styling avia-bg-style-scroll   container_wrap fullsize' style = 'background-image: '  ><div class='container' ><div class='template-page content  av-content-full alpha units'><div class='post-entry post-entry-type-page post-entry-343'><div class='entry-content-wrapper clearfix'>\n<div style='padding-bottom:10px; ' class='av-special-heading av-special-heading-h2  blockquote modern-quote  '><h2 class='av-special-heading-tag '  itemprop=\"headline\"  >Ihr Partner f\u00fcr Sicherheit <span class='special_amp'>&amp;<\/span> Technik<\/h2><div class='special-heading-border'><div class='special-heading-inner-border' ><\/div><\/div><\/div>\n<section class=\"av_textblock_section \"  itemscope=\"itemscope\" itemtype=\"https:\/\/schema.org\/CreativeWork\" ><div class='avia_textblock  '  style='font-size:14px; '  itemprop=\"text\" ><p>Mit einer modernen Video\u00fcberwachung sind sie nicht nur im Ereignisfall gesch\u00fctzt, sondern auch pr\u00e4ventiv und vor allem w\u00e4hrend des Gesch\u00e4ftsbetriebs. Eine Video\u00fcberwachung schreckt oft T\u00e4ter ab, bevor es \u00fcberhaupt zum Einbruchsversuch kommt.<\/p>\n<p>Kommt es trotzdem zu einem Einbruch, helfen die Aufnahmen Ihnen und der Polizei den T\u00e4ter m\u00f6glicherweise zu identifizieren und\/oder den Hergang der Tat nachzuvollziehen. So behalten Sie die Kontrolle.<\/p>\n<p>Da eine effektive Video\u00fcberwachung aussagestarke Bildaufnahmen ben\u00f6tigt, sind die individuelle Pr\u00fcfung des Anwendungsbereiches und des Einsatzortes zwingend notwendig, um aus der Vielzahl der M\u00f6glichkeiten, die richtige f\u00fcr Sie zu finden.<\/p>\n<p>Was f\u00fcr eine Kameraart soll man w\u00e4hlen? <strong>Analog<\/strong>\u2013 oder\u00a0<strong>Digital?\u00a0<\/strong>Ist es sinnvoll nur einen bestimmten Bereich abzusichern oder das ganz Geb\u00e4ude?<\/p>\n<p>Wir beraten Sie gerne und finden eine ma\u00dfgeschneiderte L\u00f6sung f\u00fcr Sie!<\/p>\n<\/div><\/section>\n\n<\/div><\/div><\/div><!-- close content main div --><\/div><\/div><div id='av_section_2' class='avia-section main_color avia-section-default avia-no-border-styling avia-bg-style-scroll   container_wrap fullsize' style = 'background-color: rgba(190,199,232,0.21); background-image: '  ><div class='container' ><div class='template-page content  av-content-full alpha units'><div class='post-entry post-entry-type-page post-entry-343'><div class='entry-content-wrapper clearfix'>\n<div style='padding-bottom:10px; margin-bottom:20px; ' class='av-special-heading av-special-heading-h2  blockquote modern-quote  '><h2 class='av-special-heading-tag '  itemprop=\"headline\"  >Ihre Vorteile<\/h2><div class='special-heading-border'><div class='special-heading-inner-border' ><\/div><\/div><\/div>\n<div class=\"flex_column av_one_half  flex_column_div av-zero-column-padding first  \" style='border-radius:0px; '><div class='avia-icon-list-container  '><ul class='avia-icon-list avia-icon-list-left av-iconlist-big avia_animate_when_almost_visible'>\n<li><div  style='background-color:#004a8c; ' class='iconlist_icon  avia-font-entypo-fontello'><span class='iconlist-char ' aria-hidden='true' data-av_icon='\ue812' data-av_iconfont='entypo-fontello'><\/span><\/div><article class=\"article-icon-entry av-iconlist-empty\"  itemscope=\"itemscope\" itemtype=\"https:\/\/schema.org\/CreativeWork\" ><div class='iconlist_content_wrap'><header class=\"entry-content-header\"><h4 class='av_iconlist_title iconlist_title  '  itemprop=\"headline\"  >Aktivit\u00e4ten auf dem Betriebsgel\u00e4nde werden dokumentiert<\/h4><\/header><div class='iconlist_content  '  itemprop=\"text\"  ><\/div><\/div><footer class=\"entry-footer\"><\/footer><\/article><div class='iconlist-timeline'><\/div><\/li>\n<li><div  style='background-color:#004a8c; ' class='iconlist_icon  avia-font-entypo-fontello'><span class='iconlist-char ' aria-hidden='true' data-av_icon='\ue812' data-av_iconfont='entypo-fontello'><\/span><\/div><article class=\"article-icon-entry av-iconlist-empty\"  itemscope=\"itemscope\" itemtype=\"https:\/\/schema.org\/CreativeWork\" ><div class='iconlist_content_wrap'><header class=\"entry-content-header\"><h4 class='av_iconlist_title iconlist_title  '  itemprop=\"headline\"  >Diebst\u00e4hle oder anderes Fehlverhalten wird beweisbar<\/h4><\/header><div class='iconlist_content  '  itemprop=\"text\"  ><\/div><\/div><footer class=\"entry-footer\"><\/footer><\/article><div class='iconlist-timeline'><\/div><\/li>\n<li><div  style='background-color:#004a8c; ' class='iconlist_icon  avia-font-entypo-fontello'><span class='iconlist-char ' aria-hidden='true' data-av_icon='\ue812' data-av_iconfont='entypo-fontello'><\/span><\/div><article class=\"article-icon-entry av-iconlist-empty\"  itemscope=\"itemscope\" itemtype=\"https:\/\/schema.org\/CreativeWork\" ><div class='iconlist_content_wrap'><header class=\"entry-content-header\"><h4 class='av_iconlist_title iconlist_title  '  itemprop=\"headline\"  >Video\u00fcberwachung liefert hochwertiges, aussagestarkes Bildmaterial<\/h4><\/header><div class='iconlist_content  '  itemprop=\"text\"  ><\/div><\/div><footer class=\"entry-footer\"><\/footer><\/article><div class='iconlist-timeline'><\/div><\/li>\n<\/ul><\/div><\/div><div class=\"flex_column av_one_half  flex_column_div av-zero-column-padding   \" style='border-radius:0px; '><div class='avia-icon-list-container  '><ul class='avia-icon-list avia-icon-list-left av-iconlist-big avia_animate_when_almost_visible'>\n<li><div  style='background-color:#004a8c; ' class='iconlist_icon  avia-font-entypo-fontello'><span class='iconlist-char ' aria-hidden='true' data-av_icon='\ue812' data-av_iconfont='entypo-fontello'><\/span><\/div><article class=\"article-icon-entry av-iconlist-empty\"  itemscope=\"itemscope\" itemtype=\"https:\/\/schema.org\/CreativeWork\" ><div class='iconlist_content_wrap'><header class=\"entry-content-header\"><h4 class='av_iconlist_title iconlist_title  '  itemprop=\"headline\"  >Abschreckung potentieller T\u00e4ter<\/h4><\/header><div class='iconlist_content  '  itemprop=\"text\"  ><\/div><\/div><footer class=\"entry-footer\"><\/footer><\/article><div class='iconlist-timeline'><\/div><\/li>\n<li><div  style='background-color:#004a8c; ' class='iconlist_icon  avia-font-entypo-fontello'><span class='iconlist-char ' aria-hidden='true' data-av_icon='\ue812' data-av_iconfont='entypo-fontello'><\/span><\/div><article class=\"article-icon-entry av-iconlist-empty\"  itemscope=\"itemscope\" itemtype=\"https:\/\/schema.org\/CreativeWork\" ><div class='iconlist_content_wrap'><header class=\"entry-content-header\"><h4 class='av_iconlist_title iconlist_title  '  itemprop=\"headline\"  >Nicht einsehbare Bereiche werden transparent<\/h4><\/header><div class='iconlist_content  '  itemprop=\"text\"  ><\/div><\/div><footer class=\"entry-footer\"><\/footer><\/article><div class='iconlist-timeline'><\/div><\/li>\n<\/ul><\/div><\/div>\n\n<\/div><\/div><\/div><!-- close content main div --><\/div><\/div><div id='av_section_3' class='avia-section main_color avia-section-default avia-no-border-styling avia-bg-style-scroll   container_wrap fullsize' style = 'background-image: '  ><div class='container' ><div class='template-page content  av-content-full alpha units'><div class='post-entry post-entry-type-page post-entry-343'><div class='entry-content-wrapper clearfix'>\n<div style='padding-bottom:10px; margin-bottom:20px; ' class='av-special-heading av-special-heading-h2  blockquote modern-quote   '><h2 class='av-special-heading-tag '  itemprop=\"headline\"  >Kostenlos <span class='special_amp'>&amp;<\/span> Unverbindlich Beratung sichern<\/h2><div class='special-heading-border'><div class='special-heading-inner-border' ><\/div><\/div><\/div>\n<div class=\"flex_column av_one_half  flex_column_div av-zero-column-padding first  \" style='border-radius:0px; '><div class='avia-icon-list-container  '><ul class='avia-icon-list avia-icon-list-left av-iconlist-big avia_animate_when_almost_visible'>\n<li><div  style='background-color:#004a8c; ' class='iconlist_icon  avia-font-entypo-fontello'><span class='iconlist-char ' aria-hidden='true' data-av_icon='\ue863' data-av_iconfont='entypo-fontello'><\/span><\/div><article class=\"article-icon-entry \"  itemscope=\"itemscope\" itemtype=\"https:\/\/schema.org\/CreativeWork\" ><div class='iconlist_content_wrap'><header class=\"entry-content-header\"><h4 class='av_iconlist_title iconlist_title  '  itemprop=\"headline\"  >Zeitersparnis<\/h4><\/header><div class='iconlist_content  '  itemprop=\"text\"  ><p>Sparen Sie sich Internet-Recherche. Erfahren Sie in k\u00fcrzester Zeit alles, was Sie wissen m\u00fcssen, wenn Sie sich f\u00fcr professionelle Video\u00fcberwachung interessieren.<\/p>\n<\/div><\/div><footer class=\"entry-footer\"><\/footer><\/article><div class='iconlist-timeline'><\/div><\/li>\n<li><div  style='background-color:#004a8c; ' class='iconlist_icon  avia-font-entypo-fontello'><span class='iconlist-char ' aria-hidden='true' data-av_icon='\ue864' data-av_iconfont='entypo-fontello'><\/span><\/div><article class=\"article-icon-entry \"  itemscope=\"itemscope\" itemtype=\"https:\/\/schema.org\/CreativeWork\" ><div class='iconlist_content_wrap'><header class=\"entry-content-header\"><h4 class='av_iconlist_title iconlist_title  '  itemprop=\"headline\"  >Expertise<\/h4><\/header><div class='iconlist_content  '  itemprop=\"text\"  ><p>Profitieren Sie von der jahrelangen und tagt\u00e4glichen Erfahrung unserer Experten im Bereich der Sicherheitstechnik.<\/p>\n<\/div><\/div><footer class=\"entry-footer\"><\/footer><\/article><div class='iconlist-timeline'><\/div><\/li>\n<\/ul><\/div><\/div><div class=\"flex_column av_one_half  flex_column_div av-zero-column-padding   \" style='border-radius:0px; '><div class='avia-icon-list-container  '><ul class='avia-icon-list avia-icon-list-left av-iconlist-big avia_animate_when_almost_visible'>\n<li><div  style='background-color:#004a8c; ' class='iconlist_icon  avia-font-entypo-fontello'><span class='iconlist-char ' aria-hidden='true' data-av_icon='\ue803' data-av_iconfont='entypo-fontello'><\/span><\/div><article class=\"article-icon-entry \"  itemscope=\"itemscope\" itemtype=\"https:\/\/schema.org\/CreativeWork\" ><div class='iconlist_content_wrap'><header class=\"entry-content-header\"><h4 class='av_iconlist_title iconlist_title  '  itemprop=\"headline\"  >Individuell<\/h4><\/header><div class='iconlist_content  '  itemprop=\"text\"  ><p>Lassen Sie in einer Vor-Ort-Analyse alle Besonderheiten Ihres Objekts aufnehmen. Bei uns erhalten Sie exklusiv Sicherheit nach Ma\u00df, anstatt durchschnittlicher Standard-L\u00f6sungen.\u200b<\/p>\n<\/div><\/div><footer class=\"entry-footer\"><\/footer><\/article><div class='iconlist-timeline'><\/div><\/li>\n<li><div  style='background-color:#004a8c; ' class='iconlist_icon  avia-font-entypo-fontello'><span class='iconlist-char ' aria-hidden='true' data-av_icon='\ue84d' data-av_iconfont='entypo-fontello'><\/span><\/div><article class=\"article-icon-entry \"  itemscope=\"itemscope\" itemtype=\"https:\/\/schema.org\/CreativeWork\" ><div class='iconlist_content_wrap'><header class=\"entry-content-header\"><h4 class='av_iconlist_title iconlist_title  '  itemprop=\"headline\"  >Vergleich<\/h4><\/header><div class='iconlist_content  '  itemprop=\"text\"  ><p>Erhalten Sie ein auf Ihre Bed\u00fcrfnisse und Ihr Objekt zugeschnittenes Angebot.\u200b<\/p>\n<\/div><\/div><footer class=\"entry-footer\"><\/footer><\/article><div class='iconlist-timeline'><\/div><\/li>\n<\/ul><\/div><\/div><div class='avia-button-wrap avia-button-left '><a href='https:\/\/www.firsttech.de\/firsttech-old\/beratung\/'  class='avia-button   avia-icon_select-no avia-color-custom avia-size-x-large avia-position-left '  style='background-color:#004a8c; border-color:#004a8c; color:#ffffff; ' ><span class='avia_iconbox_title' >Lassen Sie sich beraten<\/span><\/a><\/div>\n\n","protected":false},"excerpt":{"rendered":"","protected":false},"author":1,"featured_media":0,"parent":0,"menu_order":0,"comment_status":"closed","ping_status":"closed","template":"","meta":{"footnotes":""},"class_list":["post-343","page","type-page","status-publish","hentry"],"_links":{"self":[{"href":"https:\/\/www.firsttech.de\/firsttech-old\/wp-json\/wp\/v2\/pages\/343","targetHints":{"allow":["GET"]}}],"collection":[{"href":"https:\/\/www.firsttech.de\/firsttech-old\/wp-json\/wp\/v2\/pages"}],"about":[{"href":"https:\/\/www.firsttech.de\/firsttech-old\/wp-json\/wp\/v2\/types\/page"}],"author":[{"embeddable":true,"href":"https:\/\/www.firsttech.de\/firsttech-old\/wp-json\/wp\/v2\/users\/1"}],"replies":[{"embeddable":true,"href":"https:\/\/www.firsttech.de\/firsttech-old\/wp-json\/wp\/v2\/comments?post=343"}],"version-history":[{"count":20,"href":"https:\/\/www.firsttech.de\/firsttech-old\/wp-json\/wp\/v2\/pages\/343\/revisions"}],"predecessor-version":[{"id":449,"href":"https:\/\/www.firsttech.de\/firsttech-old\/wp-json\/wp\/v2\/pages\/343\/revisions\/449"}],"wp:attachment":[{"href":"https:\/\/www.firsttech.de\/firsttech-old\/wp-json\/wp\/v2\/media?parent=343"}],"curies":[{"name":"wp","href":"https:\/\/api.w.org\/{rel}","templated":true}]}}